{"id":5443,"date":"2025-08-21T09:15:45","date_gmt":"2025-08-21T09:15:45","guid":{"rendered":"https:\/\/kirchhofer-ag.lndo.site\/unternehmen\/karriere\/"},"modified":"2026-03-31T17:26:22","modified_gmt":"2026-03-31T17:26:22","slug":"karriere","status":"publish","type":"page","link":"https:\/\/kirchhofer.com\/de\/unternehmen\/karriere\/","title":{"rendered":"Karriere"},"content":{"rendered":"\n<p><strong>Die Embassy Kirchhofer Group mit Standorten in Interlaken, Grindelwald und Luzern ist heute einer der gr\u00f6ssten Einzelh\u00e4ndler f\u00fcr hochwertige Uhren und Schmuck in der Schweiz und steht f\u00fcr h\u00f6chste Qualit\u00e4t<\/strong><br><strong>im traditionellen Schweizer Uhrenmarkt.<\/strong><\/p>\n\n\n\n<blockquote class=\"wp-block-quote is-style-default is-layout-flow wp-block-quote-is-layout-flow\">\n<div class=\"wp-block-columns is-layout-flex wp-container-core-columns-is-layout-9d6595d7 wp-block-columns-is-layout-flex\">\n<div class=\"wp-block-column is-layout-flow wp-block-column-is-layout-flow\" style=\"flex-basis:100%\">\n<h1 class=\"wp-block-heading has-text-align-left\" id=\"we-re-a-studio-in-berlin-with-an-international-practice-in-architecture-urban-planning-and-interior-design-we-believe-in-sharing-knowledge-and-promoting-dialogue-to-increase-the-creative-potential-of-collaboration\" style=\"font-size:36px;line-height:1.1\">Wer wir sind. Was uns bewegt.<\/h1>\n<\/div>\n<\/div>\n<\/blockquote>\n\n\n\n<h3 class=\"wp-block-heading\">Unsere Vision<\/h3>\n\n\n\n<ul class=\"wp-block-list\">\n<li>Wir begeistern Menschen aus aller Welt \u2013 als Pionier im Luxus-Einzelhandel f\u00fcr Uhren, Schmuck und Kosmetik schaffen wir unvergessliche Schweizer Luxusmomente. Mit individuellem Service und unserer Leidenschaft f\u00fcr das Besondere definieren wir Luxus neu und setzen die Standards.<\/li>\n<\/ul>\n\n\n\n<h3 class=\"wp-block-heading\">Unsere Werte<\/h3>\n\n\n\n<ul class=\"wp-block-list\">\n<li><strong>Excellence &amp; Experience<\/strong>&nbsp;\u2013 Wir handeln mit Expertise und Exzellenz, um erstklassigen Service und ein einzigartiges Einkaufserlebnis zu bieten. Die Erwartungen unserer Kundinnen und Kunden zu \u00fcbertreffen, ist unser oberstes Ziel.<\/li>\n\n\n\n<li><strong>Passion<\/strong>&nbsp;\u2013 Wir lieben, was wir tun, und inspirieren andere dazu. Unser Engagement motiviert uns, die Extrameile zu gehen. Kreativit\u00e4t und Eigeninitiative f\u00f6rdern wir auf allen Ebenen.<\/li>\n\n\n\n<li><strong>Agility<\/strong>&nbsp;\u2013 Wir nehmen neue Herausforderungen mit Neugier an und entwickeln uns tatkr\u00e4ftig und dynamisch mit den Ver\u00e4nderungen der Zeit weiter.<\/li>\n\n\n\n<li><strong>Integrity<\/strong>&nbsp;\u2013 Wir verpflichten uns zu Ehrlichkeit, Transparenz und h\u00f6chsten ethischen Standards \u2013 in jeder Begegnung.<\/li>\n\n\n\n<li><strong>Openness<\/strong>&nbsp;\u2013 Wir begegnen Kund:innen und Kolleg:innen auf Augenh\u00f6he \u2013 offen, unkompliziert und sind bereit f\u00fcr neue Ideen und Perspektiven.<\/li>\n\n\n\n<li><strong>Togetherness<\/strong>&nbsp;\u2013 Wir pflegen einen kooperativen Umgang mit all unseren Interessengruppen und f\u00f6rdern den Teamgeist auf allen Ebenen.<\/li>\n<\/ul>\n\n\n\n<h3 class=\"wp-block-heading\">Gute Gr\u00fcnde um in der Embassy Kirchhofer Group zu arbeiten:<\/h3>\n\n\n\n<ul class=\"wp-block-list\">\n<li>Arbeiten in einer schlanken Organisation mit kurzen Entscheidungswegen<\/li>\n\n\n\n<li>Motiviertes Team in einer offenen und inspirierenden Atmosph\u00e4re<\/li>\n\n\n\n<li>Eine abwechslungsreiche T\u00e4tigkeit mit Entwicklungsm\u00f6glichkeiten f\u00fcr die Zukunft<\/li>\n\n\n\n<li>Unterst\u00fctzung bei der beruflichen Weiterbildung<\/li>\n\n\n\n<li>Ein markt\u00fcbliches Lohnpaket sowie eine interessante Erfolgsbeteiligung<\/li>\n\n\n\n<li>Attraktive Sozialleistungen<\/li>\n\n\n\n<li>Ein toller Arbeitsplatz in einem qualitativen Umfeld<\/li>\n\n\n\n<li>\u00dcber dreissig interessante Verg\u00fcnstigungen<\/li>\n\n\n\n<li>Professionelle Kinderbetreuung zu Spezialkonditionen (Selbstzahler) von Montag bis Sonntag w\u00e4hrend unserer \u00d6ffnungszeiten<\/li>\n\n\n\n<li>Regelm\u00e4ssige Events f\u00fcr Mitarbeitende<\/li>\n<\/ul>\n\n\n\n<section class=\"document-download-block\">\n\n    <h2>Unsere offene Position<\/h2>\n    <ul>\n                                <li>\n                    <a href=\"https:\/\/kirchhofer.com\/wp-content\/uploads\/2026\/02\/Logistik-Mitarbeiter_D.pdf\" target=\"_blank\" rel=\"noopener\">\n                        Logistik-Mitarbeiter 60%                     <\/a>\n                <\/li>\n                                <\/ul>\n<\/section>\n\n\n\n\n<h2 class=\"wp-block-heading has-text-align-left\">Bewerbe dich initiativ.<\/h2>\n\n\n\n<p>Du hast alles, was du f\u00fcr deinen Erfolg bei uns ben\u00f6tigst:<\/p>\n\n\n\n<ul class=\"wp-block-list\">\n<li>Begeisterung f\u00fcr Uhren und Schmuck<\/li>\n\n\n\n<li>Vertieftes Fachwissen<\/li>\n\n\n\n<li>Hohe Sozial-Kompetenz<\/li>\n\n\n\n<li>Aktives Flair f\u00fcr den Verkauf<\/li>\n\n\n\n<li>Viel Teamgeist<\/li>\n<\/ul>\n\n\n\n<p>\u00dcber den Klick auf diese Emailadresse \u2013&nbsp;<a href=\"mailto:jobs@kirchhofer.com\">jobs@kirchhofer.com<\/a>&nbsp;\u2013 kannst du uns deine Bewerbungsdokumentation<br>mit Angabe des gew\u00fcnschten Fachbereichs zusenden.<\/p>\n\n\n\n<p>Deine Dokumente werden von unserem Human Resources und dem jeweiligen Fachbereich individuell gepr\u00fcft.<br>Im Anschluss informieren wir dich \u00fcber die weiteren Schritte im Bewerbungsprozess.<\/p>\n\n\n\n<p>Wir freuen uns \u00fcber deine Bewerbung und dich pers\u00f6nlich kennen zu lernen!<\/p>\n\n\n\n<p><\/p>\n","protected":false},"excerpt":{"rendered":"<p>Die Embassy Kirchhofer Group mit Standorten in Interlaken, Grindelwald und Luzern ist heute einer der gr\u00f6ssten Einzelh\u00e4ndler f\u00fcr hochwertige Uhren und Schmuck in der Schweiz und steht f\u00fcr h\u00f6chste Qualit\u00e4tim traditionellen Schweizer Uhrenmarkt. Unsere Vision Unsere Werte Gute Gr\u00fcnde um in der Embassy Kirchhofer Group zu arbeiten: Bewerbe dich initiativ. Du hast alles, was du [&#8230;]<\/p>\n<p><a class=\"btn btn-secondary understrap-read-more-link\" href=\"https:\/\/kirchhofer.com\/de\/unternehmen\/karriere\/\">Weiterlesen\u00a0\u2026<span class=\"screen-reader-text\"> from Karriere<\/span><\/a><\/p>\n","protected":false},"author":1,"featured_media":5442,"parent":5142,"menu_order":0,"comment_status":"closed","ping_status":"closed","template":"page-content.php","meta":{"_acf_changed":false,"wds_primary_category":0,"footnotes":""},"categories":[],"class_list":["post-5443","page","type-page","status-publish","has-post-thumbnail","hentry"],"acf":[],"_links":{"self":[{"href":"https:\/\/kirchhofer.com\/de\/wp-json\/wp\/v2\/pages\/5443","targetHints":{"allow":["GET"]}}],"collection":[{"href":"https:\/\/kirchhofer.com\/de\/wp-json\/wp\/v2\/pages"}],"about":[{"href":"https:\/\/kirchhofer.com\/de\/wp-json\/wp\/v2\/types\/page"}],"author":[{"embeddable":true,"href":"https:\/\/kirchhofer.com\/de\/wp-json\/wp\/v2\/users\/1"}],"replies":[{"embeddable":true,"href":"https:\/\/kirchhofer.com\/de\/wp-json\/wp\/v2\/comments?post=5443"}],"version-history":[{"count":17,"href":"https:\/\/kirchhofer.com\/de\/wp-json\/wp\/v2\/pages\/5443\/revisions"}],"predecessor-version":[{"id":7077,"href":"https:\/\/kirchhofer.com\/de\/wp-json\/wp\/v2\/pages\/5443\/revisions\/7077"}],"up":[{"embeddable":true,"href":"https:\/\/kirchhofer.com\/de\/wp-json\/wp\/v2\/pages\/5142"}],"wp:featuredmedia":[{"embeddable":true,"href":"https:\/\/kirchhofer.com\/de\/wp-json\/wp\/v2\/media\/5442"}],"wp:attachment":[{"href":"https:\/\/kirchhofer.com\/de\/wp-json\/wp\/v2\/media?parent=5443"}],"wp:term":[{"taxonomy":"category","embeddable":true,"href":"https:\/\/kirchhofer.com\/de\/wp-json\/wp\/v2\/categories?post=5443"}],"curies":[{"name":"wp","href":"https:\/\/api.w.org\/{rel}","templated":true}]}}